{"id":4944,"date":"2024-04-11T13:07:50","date_gmt":"2024-04-11T16:07:50","guid":{"rendered":"https:\/\/contlima.com.br\/?page_id=4944"},"modified":"2024-04-11T13:08:54","modified_gmt":"2024-04-11T16:08:54","slug":"politica-de-privacidade","status":"publish","type":"page","link":"https:\/\/contlima.com.br\/index.php\/politica-de-privacidade\/","title":{"rendered":"Pol\u00edtica de Privacidade"},"content":{"rendered":"<!--themify_builder_content-->\n<div id=\"themify_builder_content-4944\" data-postid=\"4944\" class=\"themify_builder_content themify_builder_content-4944 themify_builder tf_clear\">\n                    <div  data-lazy=\"1\" class=\"module_row themify_builder_row tb_mwhy716 tb_first tf_w\">\n                        <div class=\"row_inner col_align_top tb_col_count_1 tf_box tf_rel\">\n                        <div  data-lazy=\"1\" class=\"module_column tb-column col-full tb_h0el717 first\">\n                    <!-- module text -->\n<div  class=\"module module-text tb_chw3778   \" data-lazy=\"1\">\n        <div  class=\"tb_text_wrap\">\n        <p><strong>Seguran\u00e7a<\/strong><br \/>A CONTLIMA garante seguran\u00e7a e privacidade de identidade aos internautas que fazem compras na loja virtual. Dados cadastrados como nome, endere\u00e7o e n\u00famero de cart\u00e3o de cr\u00e9dito s\u00e3o protegidos por sistemas avan\u00e7ados de criptografia enquanto s\u00e3o enviados, e mantidos em sigilo em servidores seguros da Loja.<\/p><p>O site CONTLIMA tem adotado os n\u00edveis legalmente requeridos quanto \u00e0 seguran\u00e7a na prote\u00e7\u00e3o de dados, tendo instalado todos os meios e medidas t\u00e9cnicas ao seu alcance para evitar a perda, mau uso, altera\u00e7\u00e3o, acesso n\u00e3o autorizado ou subtra\u00e7\u00e3o indevida dos Dados Pessoais recolhidos. N\u00e3o obstante, o usu\u00e1rio deve estar ciente de que as medidas de seguran\u00e7a relativas \u00e0 internet n\u00e3o s\u00e3o integralmente infal\u00edveis.<\/p><p>A CONTLIMA reserva-se o direito de modificar a presente pol\u00edtica para adapt\u00e1-la a altera\u00e7\u00f5es legislativas ou jurisprud\u00eancias, ou aquelas relativas \u00e0s pr\u00e1ticas comerciais.<\/p><p>Os Usu\u00e1rios poder\u00e3o exercer os direitos de acesso, cancelamento, retifica\u00e7\u00e3o e oposi\u00e7\u00e3o, bem como t\u00eam reconhecido o direito de obterem informa\u00e7\u00f5es contatando a CONTLIMA pelo link Contato.<\/p><p><strong>Coleta de Informa\u00e7\u00f5es<\/strong><br \/>Ao se cadastrar, os clientes determinam voluntariamente que desejam fornecer os seus Dados Pessoais requeridos na contrata\u00e7\u00e3o, atualiza\u00e7\u00e3o ou cancelamento de determinados servi\u00e7os oferecidos no site ou atrav\u00e9s dele, tais como: ades\u00e3o ao Programa Fidelidade, compras na loja virtual, contatos com os servi\u00e7os de atendimento e outros.<\/p><p>Os Dados Pessoais recolhidos pela CONTLIMA ser\u00e3o objeto de tratamento automatizado, sendo incorporados aos correspondentes registros eletr\u00f4nicos de dados pessoais, dos quais a CONTLIMA ser\u00e1 titular e respons\u00e1vel. Os dados obtidos e utilizados pela CONTLIMA, bem como pelos parceiros contratados pela CONTLIMA para os servi\u00e7os oferecidos no site fazem parte dessa pol\u00edtica.<\/p><p><strong>Utiliza\u00e7\u00e3o das Informa\u00e7\u00f5es<\/strong><br \/>As informa\u00e7\u00f5es pessoais fornecidas pelos clientes s\u00e3o utilizadas com o prop\u00f3sito b\u00e1sico de identificar o p\u00fablico usu\u00e1rio, seu perfil e h\u00e1bitos de compra, para gest\u00e3o, administra\u00e7\u00e3o, atendimento, amplia\u00e7\u00e3o e melhorias nos produtos e servi\u00e7os oferecidos; tamb\u00e9m para a adequa\u00e7\u00e3o dos servi\u00e7os \u00e0s prefer\u00eancias e gostos dos usu\u00e1rios, para a cria\u00e7\u00e3o de novos produtos e servi\u00e7os, para o envio de informa\u00e7\u00f5es operacionais e comerciais relativas aos produtos e servi\u00e7os, por meios tradicionais e\/ou eletr\u00f4nicos.<\/p><p><strong>A CONTLIMA se compromete a:<\/strong><br \/>\u2013 Corrigir prontamente quaisquer altera\u00e7\u00f5es relativas aos Dados Pessoais do Usu\u00e1rio. Para tanto, o Usu\u00e1rio dever\u00e1 informar a CONTLIMA toda mudan\u00e7a nos respectivos dados;<br \/>\u2013 N\u00e3o divulgar sem pr\u00e9via autoriza\u00e7\u00e3o, em hip\u00f3tese alguma, o e-mail do internauta que se cadastrar em p\u00e1ginas que requerem preenchimento de dados pessoais \u2013 tais como p\u00e1ginas de Cart\u00f5es, Chat, F\u00f3runs, e-mails e outros que existam ou possam vir a ser criados;<br \/>\u2013 Possibilitar ao internauta o cancelamento, a qualquer momento, do envio por e-mail de material informativo solicitado anteriormente;<br \/>\u2013 N\u00e3o comercializar ou divulgar os dados de seus clientes para outros fins que n\u00e3o sejam para a\u00e7\u00f5es da CONTLIMA, sejam eles atrav\u00e9s de contatos de nossa \u00e1rea de relacionamento, a\u00e7\u00f5es do programa fidelidade, informa\u00e7\u00f5es sobre produtos e promo\u00e7\u00f5es.<\/p><p>A CONTLIMA adota como pol\u00edtica o compromisso de n\u00e3o divulgar informa\u00e7\u00f5es sobre os acessos realizados por seus usu\u00e1rios, a menos que seja obrigado a faz\u00ea-lo mediante ordem judicial ou no estrito cumprimento de norma legal. Da mesma forma, a CONTLIMA mant\u00e9m confidenciais os dados cadastrais privados de seus usu\u00e1rios, s\u00f3 os revelando a terceiros nos casos em que n\u00e3o haja veda\u00e7\u00f5es legais, ou em raz\u00e3o de ordem judicial ou, ainda, mediante autoriza\u00e7\u00e3o de seus titulares.<\/p><p>O site da CONTLIMA pode, eventualmente, gravar arquivos de dados chamados \u201ccookies\u201d no computador do usu\u00e1rio. Esses arquivos n\u00e3o ocupam espa\u00e7o de mem\u00f3ria do micro, mas com eles se pode personalizar cada p\u00e1gina visualizada por voc\u00ea no site, o que torna sua navega\u00e7\u00e3o mais interessante e \u00e1gil. No entanto, a desativa\u00e7\u00e3o da instala\u00e7\u00e3o destes arquivos no software de navega\u00e7\u00e3o \u00e9 pass\u00edvel de acontecer, se assim voc\u00ea preferir, ainda que continue a utilizar os servi\u00e7os que o site oferece.<\/p><p><strong>E-mail Marketing:<\/strong><br \/>Nossa pr\u00e1tica de envio de e-mail marketing est\u00e1 dentro dos padr\u00f5es estabelecidos pelo C\u00f3digo de Auto-regulamenta\u00e7\u00e3o para pr\u00e1tica de e-mail marketing que prev\u00ea de acordo com o Cap\u00edtulo I, Art. 1\u00b0 a utiliza\u00e7\u00e3o de e-mail como ferramenta de marketing, de forma \u00e9tica, pertinente e respons\u00e1vel, sem preju\u00edzo da concomitante aplica\u00e7\u00e3o da legisla\u00e7\u00e3o vigente aplic\u00e1vel.<\/p>    <\/div>\n<\/div>\n<!-- \/module text -->        <\/div>\n                        <\/div>\n        <\/div>\n        <\/div>\n<!--\/themify_builder_content-->","protected":false},"excerpt":{"rendered":"<p>Seguran\u00e7aA CONTLIMA garante seguran\u00e7a e privacidade de identidade aos internautas que fazem compras na loja virtual. Dados cadastrados como nome, endere\u00e7o e n\u00famero de cart\u00e3o de cr\u00e9dito s\u00e3o protegidos por sistemas avan\u00e7ados de criptografia enquanto s\u00e3o enviados, e mantidos em sigilo em servidores seguros da Loja.O site CONTLIMA tem adotado os n\u00edveis legalmente requeridos quanto [&hellip;]<\/p>\n","protected":false},"author":1,"featured_media":0,"parent":0,"menu_order":0,"comment_status":"closed","ping_status":"closed","template":"","meta":{"_joinchat":[],"footnotes":""},"class_list":["post-4944","page","type-page","status-publish","hentry","has-post-title","has-post-date","has-post-category","has-post-tag","has-post-comment","has-post-author",""],"builder_content":"<p><strong>Seguran\u00e7a<\/strong><br \/>A CONTLIMA garante seguran\u00e7a e privacidade de identidade aos internautas que fazem compras na loja virtual. Dados cadastrados como nome, endere\u00e7o e n\u00famero de cart\u00e3o de cr\u00e9dito s\u00e3o protegidos por sistemas avan\u00e7ados de criptografia enquanto s\u00e3o enviados, e mantidos em sigilo em servidores seguros da Loja.<\/p><p>O site CONTLIMA tem adotado os n\u00edveis legalmente requeridos quanto \u00e0 seguran\u00e7a na prote\u00e7\u00e3o de dados, tendo instalado todos os meios e medidas t\u00e9cnicas ao seu alcance para evitar a perda, mau uso, altera\u00e7\u00e3o, acesso n\u00e3o autorizado ou subtra\u00e7\u00e3o indevida dos Dados Pessoais recolhidos. N\u00e3o obstante, o usu\u00e1rio deve estar ciente de que as medidas de seguran\u00e7a relativas \u00e0 internet n\u00e3o s\u00e3o integralmente infal\u00edveis.<\/p><p>A CONTLIMA reserva-se o direito de modificar a presente pol\u00edtica para adapt\u00e1-la a altera\u00e7\u00f5es legislativas ou jurisprud\u00eancias, ou aquelas relativas \u00e0s pr\u00e1ticas comerciais.<\/p><p>Os Usu\u00e1rios poder\u00e3o exercer os direitos de acesso, cancelamento, retifica\u00e7\u00e3o e oposi\u00e7\u00e3o, bem como t\u00eam reconhecido o direito de obterem informa\u00e7\u00f5es contatando a CONTLIMA pelo link Contato.<\/p><p><strong>Coleta de Informa\u00e7\u00f5es<\/strong><br \/>Ao se cadastrar, os clientes determinam voluntariamente que desejam fornecer os seus Dados Pessoais requeridos na contrata\u00e7\u00e3o, atualiza\u00e7\u00e3o ou cancelamento de determinados servi\u00e7os oferecidos no site ou atrav\u00e9s dele, tais como: ades\u00e3o ao Programa Fidelidade, compras na loja virtual, contatos com os servi\u00e7os de atendimento e outros.<\/p><p>Os Dados Pessoais recolhidos pela CONTLIMA ser\u00e3o objeto de tratamento automatizado, sendo incorporados aos correspondentes registros eletr\u00f4nicos de dados pessoais, dos quais a CONTLIMA ser\u00e1 titular e respons\u00e1vel. Os dados obtidos e utilizados pela CONTLIMA, bem como pelos parceiros contratados pela CONTLIMA para os servi\u00e7os oferecidos no site fazem parte dessa pol\u00edtica.<\/p><p><strong>Utiliza\u00e7\u00e3o das Informa\u00e7\u00f5es<\/strong><br \/>As informa\u00e7\u00f5es pessoais fornecidas pelos clientes s\u00e3o utilizadas com o prop\u00f3sito b\u00e1sico de identificar o p\u00fablico usu\u00e1rio, seu perfil e h\u00e1bitos de compra, para gest\u00e3o, administra\u00e7\u00e3o, atendimento, amplia\u00e7\u00e3o e melhorias nos produtos e servi\u00e7os oferecidos; tamb\u00e9m para a adequa\u00e7\u00e3o dos servi\u00e7os \u00e0s prefer\u00eancias e gostos dos usu\u00e1rios, para a cria\u00e7\u00e3o de novos produtos e servi\u00e7os, para o envio de informa\u00e7\u00f5es operacionais e comerciais relativas aos produtos e servi\u00e7os, por meios tradicionais e\/ou eletr\u00f4nicos.<\/p><p><strong>A CONTLIMA se compromete a:<\/strong><br \/>\u2013 Corrigir prontamente quaisquer altera\u00e7\u00f5es relativas aos Dados Pessoais do Usu\u00e1rio. Para tanto, o Usu\u00e1rio dever\u00e1 informar a CONTLIMA toda mudan\u00e7a nos respectivos dados;<br \/>\u2013 N\u00e3o divulgar sem pr\u00e9via autoriza\u00e7\u00e3o, em hip\u00f3tese alguma, o e-mail do internauta que se cadastrar em p\u00e1ginas que requerem preenchimento de dados pessoais \u2013 tais como p\u00e1ginas de Cart\u00f5es, Chat, F\u00f3runs, e-mails e outros que existam ou possam vir a ser criados;<br \/>\u2013 Possibilitar ao internauta o cancelamento, a qualquer momento, do envio por e-mail de material informativo solicitado anteriormente;<br \/>\u2013 N\u00e3o comercializar ou divulgar os dados de seus clientes para outros fins que n\u00e3o sejam para a\u00e7\u00f5es da CONTLIMA, sejam eles atrav\u00e9s de contatos de nossa \u00e1rea de relacionamento, a\u00e7\u00f5es do programa fidelidade, informa\u00e7\u00f5es sobre produtos e promo\u00e7\u00f5es.<\/p><p>A CONTLIMA adota como pol\u00edtica o compromisso de n\u00e3o divulgar informa\u00e7\u00f5es sobre os acessos realizados por seus usu\u00e1rios, a menos que seja obrigado a faz\u00ea-lo mediante ordem judicial ou no estrito cumprimento de norma legal. Da mesma forma, a CONTLIMA mant\u00e9m confidenciais os dados cadastrais privados de seus usu\u00e1rios, s\u00f3 os revelando a terceiros nos casos em que n\u00e3o haja veda\u00e7\u00f5es legais, ou em raz\u00e3o de ordem judicial ou, ainda, mediante autoriza\u00e7\u00e3o de seus titulares.<\/p><p>O site da CONTLIMA pode, eventualmente, gravar arquivos de dados chamados \u201ccookies\u201d no computador do usu\u00e1rio. Esses arquivos n\u00e3o ocupam espa\u00e7o de mem\u00f3ria do micro, mas com eles se pode personalizar cada p\u00e1gina visualizada por voc\u00ea no site, o que torna sua navega\u00e7\u00e3o mais interessante e \u00e1gil. No entanto, a desativa\u00e7\u00e3o da instala\u00e7\u00e3o destes arquivos no software de navega\u00e7\u00e3o \u00e9 pass\u00edvel de acontecer, se assim voc\u00ea preferir, ainda que continue a utilizar os servi\u00e7os que o site oferece.<\/p><p><strong>E-mail Marketing:<\/strong><br \/>Nossa pr\u00e1tica de envio de e-mail marketing est\u00e1 dentro dos padr\u00f5es estabelecidos pelo C\u00f3digo de Auto-regulamenta\u00e7\u00e3o para pr\u00e1tica de e-mail marketing que prev\u00ea de acordo com o Cap\u00edtulo I, Art. 1\u00b0 a utiliza\u00e7\u00e3o de e-mail como ferramenta de marketing, de forma \u00e9tica, pertinente e respons\u00e1vel, sem preju\u00edzo da concomitante aplica\u00e7\u00e3o da legisla\u00e7\u00e3o vigente aplic\u00e1vel.<\/p>","_links":{"self":[{"href":"https:\/\/contlima.com.br\/index.php\/wp-json\/wp\/v2\/pages\/4944","targetHints":{"allow":["GET"]}}],"collection":[{"href":"https:\/\/contlima.com.br\/index.php\/wp-json\/wp\/v2\/pages"}],"about":[{"href":"https:\/\/contlima.com.br\/index.php\/wp-json\/wp\/v2\/types\/page"}],"author":[{"embeddable":true,"href":"https:\/\/contlima.com.br\/index.php\/wp-json\/wp\/v2\/users\/1"}],"replies":[{"embeddable":true,"href":"https:\/\/contlima.com.br\/index.php\/wp-json\/wp\/v2\/comments?post=4944"}],"version-history":[{"count":4,"href":"https:\/\/contlima.com.br\/index.php\/wp-json\/wp\/v2\/pages\/4944\/revisions"}],"predecessor-version":[{"id":4949,"href":"https:\/\/contlima.com.br\/index.php\/wp-json\/wp\/v2\/pages\/4944\/revisions\/4949"}],"wp:attachment":[{"href":"https:\/\/contlima.com.br\/index.php\/wp-json\/wp\/v2\/media?parent=4944"}],"curies":[{"name":"wp","href":"https:\/\/api.w.org\/{rel}","templated":true}]}}