{"id":4202,"date":"2015-07-11T14:25:35","date_gmt":"2015-07-11T17:25:35","guid":{"rendered":"http:\/\/contlima.com.br\/?page_id=4202"},"modified":"2026-03-17T13:52:51","modified_gmt":"2026-03-17T16:52:51","slug":"servicos","status":"publish","type":"page","link":"https:\/\/contlima.com.br\/index.php\/servicos\/","title":{"rendered":"Servi\u00e7os"},"content":{"rendered":"<!--themify_builder_content-->\n<div id=\"themify_builder_content-4202\" data-postid=\"4202\" class=\"themify_builder_content themify_builder_content-4202 themify_builder tf_clear\">\n                    <div  data-css_id=\"be917a9\" data-lazy=\"1\" class=\"module_row themify_builder_row fullwidth_row_container tb_be917a9 tb_first tf_w\">\n                        <div class=\"row_inner col_align_top tb_col_count_2 tf_box tf_rel\">\n                        <div  data-lazy=\"1\" class=\"module_column tb-column col4-2 tb_afc0b72 first\">\n                    <!-- module text -->\n<div  class=\"module module-text tb_dc4f0b5    wow\" data-tf-animation=\"bounceInLeft\" data-lazy=\"1\">\n    <h3 class=\"module-title\">\u00c1REA CONT\u00c1BIL<\/h3>    <div  class=\"tb_text_wrap\">\n        <p>&#8211; Escritura\u00e7\u00e3o cont\u00e1bil conforme normas e legisla\u00e7\u00f5es vigentes;\u00a0<br \/>&#8211; Contr\u00f4le patrimonial;\u00a0<br \/>&#8211; Acessoria e consultoria.<br \/>.<\/p>    <\/div>\n<\/div>\n<!-- \/module text -->        <\/div>\n                    <div  data-lazy=\"1\" class=\"module_column tb-column col4-2 tb_44baf35 last\">\n                    <!-- module text -->\n<div  class=\"module module-text tb_maqq211    wow\" data-tf-animation=\"bounceInRight\" data-lazy=\"1\">\n    <h3 class=\"module-title\">\u00c1REA FISCAL<\/h3>    <div  class=\"tb_text_wrap\">\n        <p>&#8211; Escritura\u00e7\u00e3o fiscal (todos os \u00f3rg\u00e3os);<br \/>&#8211; Apura\u00e7\u00e3o e controle de impostos;<br \/>&#8211; Estudo tribut\u00e1rio, levantamento pela melhor forma de tributa\u00e7\u00e3o;<br \/>&#8211; Assessoria e Consultoria.<\/p>    <\/div>\n<\/div>\n<!-- \/module text -->        <\/div>\n                        <\/div>\n        <\/div>\n                        <div  data-lazy=\"1\" class=\"module_row themify_builder_row tb_6ujv891 tf_w\">\n                        <div class=\"row_inner col_align_top tb_col_count_2 tf_box tf_rel\">\n                        <div  data-lazy=\"1\" class=\"module_column tb-column col4-2 tb_rqqf891 first\">\n                    <!-- module text -->\n<div  class=\"module module-text tb_37fbb36    wow\" data-tf-animation=\"bounceInLeft\" data-tf-animation_delay=\"1\" data-lazy=\"1\">\n    <h3 class=\"module-title\">\u00c1REA DE PESSOAL<\/h3>    <div  class=\"tb_text_wrap\">\n        <p>&#8211; Toda rotina trabalhista;<br \/>&#8211; C\u00e1lculos trabalhistas;<br \/>&#8211; Assessoria e Consultoria.<br \/>.<\/p>    <\/div>\n<\/div>\n<!-- \/module text -->        <\/div>\n                    <div  data-lazy=\"1\" class=\"module_column tb-column col4-2 tb_1jed386 last\">\n                    <!-- module text -->\n<div  class=\"module module-text tb_50c60a5    wow\" data-tf-animation=\"bounceInRight\" data-tf-animation_delay=\"1\" data-lazy=\"1\">\n    <h3 class=\"module-title\">\u00c1REA SOCIET\u00c1RIA<\/h3>    <div  class=\"tb_text_wrap\">\n        <p>&#8211; Abertura, altera\u00e7\u00e3o e encerramento de empresas;<br \/>&#8211; Certid\u00f5es negativas de d\u00e9bitos;<br \/>&#8211; Estudo sobre viabilidade empresarial;<br \/>&#8211; Assessoria e Consultoria.<\/p>    <\/div>\n<\/div>\n<!-- \/module text -->        <\/div>\n                        <\/div>\n        <\/div>\n        <\/div>\n<!--\/themify_builder_content-->","protected":false},"excerpt":{"rendered":"<p>&#8211; Escritura\u00e7\u00e3o cont\u00e1bil conforme normas e legisla\u00e7\u00f5es vigentes;\u00a0&#8211; Contr\u00f4le patrimonial;\u00a0&#8211; Acessoria e consultoria..<\/p>\n","protected":false},"author":2,"featured_media":0,"parent":0,"menu_order":0,"comment_status":"open","ping_status":"open","template":"","meta":{"_joinchat":[],"footnotes":""},"class_list":["post-4202","page","type-page","status-publish","hentry","has-post-title","has-post-date","has-post-category","has-post-tag","has-post-comment","has-post-author",""],"builder_content":"<h3>\u00c1REA CONT\u00c1BIL<\/h3> <p>- Escritura\u00e7\u00e3o cont\u00e1bil conforme normas e legisla\u00e7\u00f5es vigentes;\u00a0<br \/>- Contr\u00f4le patrimonial;\u00a0<br \/>- Acessoria e consultoria.<br \/>.<\/p>\n<h3>\u00c1REA FISCAL<\/h3> <p>- Escritura\u00e7\u00e3o fiscal (todos os \u00f3rg\u00e3os);<br \/>- Apura\u00e7\u00e3o e controle de impostos;<br \/>- Estudo tribut\u00e1rio, levantamento pela melhor forma de tributa\u00e7\u00e3o;<br \/>- Assessoria e Consultoria.<\/p>\n<h3>\u00c1REA DE PESSOAL<\/h3> <p>- Toda rotina trabalhista;<br \/>- C\u00e1lculos trabalhistas;<br \/>- Assessoria e Consultoria.<br \/>.<\/p>\n<h3>\u00c1REA SOCIET\u00c1RIA<\/h3> <p>- Abertura, altera\u00e7\u00e3o e encerramento de empresas;<br \/>- Certid\u00f5es negativas de d\u00e9bitos;<br \/>- Estudo sobre viabilidade empresarial;<br \/>- Assessoria e Consultoria.<\/p>","_links":{"self":[{"href":"https:\/\/contlima.com.br\/index.php\/wp-json\/wp\/v2\/pages\/4202","targetHints":{"allow":["GET"]}}],"collection":[{"href":"https:\/\/contlima.com.br\/index.php\/wp-json\/wp\/v2\/pages"}],"about":[{"href":"https:\/\/contlima.com.br\/index.php\/wp-json\/wp\/v2\/types\/page"}],"author":[{"embeddable":true,"href":"https:\/\/contlima.com.br\/index.php\/wp-json\/wp\/v2\/users\/2"}],"replies":[{"embeddable":true,"href":"https:\/\/contlima.com.br\/index.php\/wp-json\/wp\/v2\/comments?post=4202"}],"version-history":[{"count":169,"href":"https:\/\/contlima.com.br\/index.php\/wp-json\/wp\/v2\/pages\/4202\/revisions"}],"predecessor-version":[{"id":5162,"href":"https:\/\/contlima.com.br\/index.php\/wp-json\/wp\/v2\/pages\/4202\/revisions\/5162"}],"wp:attachment":[{"href":"https:\/\/contlima.com.br\/index.php\/wp-json\/wp\/v2\/media?parent=4202"}],"curies":[{"name":"wp","href":"https:\/\/api.w.org\/{rel}","templated":true}]}}